{"id":578,"date":"2014-11-16T03:56:14","date_gmt":"2014-11-16T10:56:14","guid":{"rendered":"http:\/\/illaboratoriodiserenazampini.com\/wordpress\/?page_id=578"},"modified":"2025-11-06T08:13:39","modified_gmt":"2025-11-06T15:13:39","slug":"orari-tariffe","status":"publish","type":"page","link":"https:\/\/www.illaboratoriodiserenazampini.com\/wordpress\/?page_id=578","title":{"rendered":"Orari &#038; tariffe"},"content":{"rendered":"<p><img loading=\"lazy\" decoding=\"async\" class=\"alignnone size-full wp-image-564\" src=\"http:\/\/www.illaboratoriodiserenazampini.com\/wordpress\/wp-content\/uploads\/2014\/11\/hr-600-dot1px.gif\" alt=\"hr-600-dot1px\" width=\"600\" height=\"5\" srcset=\"https:\/\/www.illaboratoriodiserenazampini.com\/wordpress\/wp-content\/uploads\/2014\/11\/hr-600-dot1px.gif 600w, https:\/\/www.illaboratoriodiserenazampini.com\/wordpress\/wp-content\/uploads\/2014\/11\/hr-600-dot1px-300x2.gif 300w\" sizes=\"auto, (max-width: 600px) 100vw, 600px\" \/><br \/>\n<!-- ADULTI --><\/p>\n<h2><span style=\"color: #993366;\"><strong>Attivit\u00e0 per adulti 2025<\/strong><\/span><\/h2>\n<h3>Le mie tre attivit\u00e0 per adulti, in gruppo, si svolgono sempre di luned\u00ec sera, due ore; o seminari durante il weekend di una giornata.<\/h3>\n<h3>Invece tutte le sessioni individuali o per coppia o per coppia genitori hanno la durata di un&#8217;ora: ricevo dal luned\u00ec al sabato.<\/h3>\n<p><img loading=\"lazy\" decoding=\"async\" class=\"alignnone size-full wp-image-564\" src=\"http:\/\/www.illaboratoriodiserenazampini.com\/wordpress\/wp-content\/uploads\/2014\/11\/hr-600-dot1px.gif\" alt=\"hr-600-dot1px\" width=\"600\" height=\"5\" srcset=\"https:\/\/www.illaboratoriodiserenazampini.com\/wordpress\/wp-content\/uploads\/2014\/11\/hr-600-dot1px.gif 600w, https:\/\/www.illaboratoriodiserenazampini.com\/wordpress\/wp-content\/uploads\/2014\/11\/hr-600-dot1px-300x2.gif 300w\" sizes=\"auto, (max-width: 600px) 100vw, 600px\" \/><\/p>\n<h3><span style=\"color: #993366;\">IL SENSO DEL RITMO E IL GESTO TEATRALE, Labortango<\/span><\/h3>\n<p><strong>IL LUNED\u00cc SERA DALLE 20:30 ALLE 22:30\u00a0lavoro di gruppo<\/strong><br \/>\n<span style=\"color: #993366;\"><strong>TARIFFE<\/strong><\/span><br \/>\n4 incontri (il quinto \u00e8 il giorno della performance):\u00a0<strong style=\"color: #993366;\">offerta libera<\/strong><\/p>\n<p><strong>SEMINARI<\/strong><br \/>\nLabortango \u00e8 possibile anche in forma di seminario di una giornata dalle 10:00 alle 17:00, durante il weekend.<br \/>\nCosto di una giornata: 8<span style=\"color: #993366;\"><strong>0 \u20ac a persona<\/strong><\/span>.<\/p>\n<p><img loading=\"lazy\" decoding=\"async\" class=\"alignnone size-full wp-image-564\" src=\"http:\/\/www.illaboratoriodiserenazampini.com\/wordpress\/wp-content\/uploads\/2014\/11\/hr-600-dot1px.gif\" alt=\"hr-600-dot1px\" width=\"600\" height=\"5\" srcset=\"https:\/\/www.illaboratoriodiserenazampini.com\/wordpress\/wp-content\/uploads\/2014\/11\/hr-600-dot1px.gif 600w, https:\/\/www.illaboratoriodiserenazampini.com\/wordpress\/wp-content\/uploads\/2014\/11\/hr-600-dot1px-300x2.gif 300w\" sizes=\"auto, (max-width: 600px) 100vw, 600px\" \/><br \/>\n<!-- TANGOOLISTICO --><\/p>\n<h3><span style=\"color: #993366;\">TANGOOLISTICO\u00ae<\/span><\/h3>\n<p><strong>IL LUNED\u00cc SERA DALLE 21:00 ALLE 22:30 sessione di gruppo<\/strong><br \/>\n<span style=\"color: #993366;\"><strong>TARIFFA: OFFERTA LIBERA\u00a0<\/strong><\/span><\/p>\n<p>Sessione individuale durata\u00a0un\u2019ora: <span style=\"color: #993366;\"><strong>60 \u20ac<\/strong><\/span><br \/>\nSessione per la\u00a0coppia durata un&#8217;ora: <span style=\"color: #993366;\"><strong>100 \u20ac<\/strong><\/span><\/p>\n<p><strong>SEMINARI<\/strong><br \/>\nTangoOlistico\u00ae \u00e8\u00a0possibile anche in forma di seminario di una giornata dalle 10:00 alle 18:00, durante il weekend.<br \/>\nCosto di una giornata: 8<span style=\"color: #993366;\"><strong>0 \u20ac a persona<\/strong><\/span>.<\/p>\n<p><img loading=\"lazy\" decoding=\"async\" class=\"alignnone size-full wp-image-564\" src=\"http:\/\/www.illaboratoriodiserenazampini.com\/wordpress\/wp-content\/uploads\/2014\/11\/hr-600-dot1px.gif\" alt=\"hr-600-dot1px\" width=\"600\" height=\"5\" srcset=\"https:\/\/www.illaboratoriodiserenazampini.com\/wordpress\/wp-content\/uploads\/2014\/11\/hr-600-dot1px.gif 600w, https:\/\/www.illaboratoriodiserenazampini.com\/wordpress\/wp-content\/uploads\/2014\/11\/hr-600-dot1px-300x2.gif 300w\" sizes=\"auto, (max-width: 600px) 100vw, 600px\" \/><br \/>\n<!-- SENTIRE L'ARTE --><\/p>\n<h3><span style=\"color: #993366;\">SENTIRE L&#8217;ARTE<\/span><\/h3>\n<p><strong>DI LUNED\u00cc SERA DALLE 21:00 alle 22:30<\/strong><br \/>\n<span style=\"color: #993366;\"><strong>TARIFFA<\/strong><\/span><br \/>\nSessione in gruppo:<span style=\"color: #993366;\"><strong>\u00a0OFFERTA LIBERA<\/strong><\/span><br \/>\nTariffa per percorsi individuali personalizzati di\u00a0Sentire l&#8217;arte di un&#8217;ora e mezzo: 5<span style=\"color: #993366;\"><strong>0 \u20ac<\/strong><\/span><\/p>\n<p><img loading=\"lazy\" decoding=\"async\" class=\"alignnone size-full wp-image-564\" src=\"http:\/\/www.illaboratoriodiserenazampini.com\/wordpress\/wp-content\/uploads\/2014\/11\/hr-600-dot1px.gif\" alt=\"hr-600-dot1px\" width=\"600\" height=\"5\" srcset=\"https:\/\/www.illaboratoriodiserenazampini.com\/wordpress\/wp-content\/uploads\/2014\/11\/hr-600-dot1px.gif 600w, https:\/\/www.illaboratoriodiserenazampini.com\/wordpress\/wp-content\/uploads\/2014\/11\/hr-600-dot1px-300x2.gif 300w\" sizes=\"auto, (max-width: 600px) 100vw, 600px\" \/><br \/>\n<!-- LINGUE --><\/p>\n<h3><span style=\"color: #993366;\">LINGUE STRANIERE (INGLESE, FRANCESE, TEDESCO)<\/span><\/h3>\n<p><b>Orari e giorni personalizzati<\/b><br \/>\n<span style=\"color: #993366;\"><strong>TARIFFA<\/strong><\/span><br \/>\nUn\u2019ora: <strong><span style=\"color: #993300;\"><span style=\"color: #993366;\">20 \u20ac<\/span><br \/>\n<\/span><\/strong><img loading=\"lazy\" decoding=\"async\" class=\"alignnone size-full wp-image-564\" src=\"http:\/\/www.illaboratoriodiserenazampini.com\/wordpress\/wp-content\/uploads\/2014\/11\/hr-600-dot1px.gif\" alt=\"hr-600-dot1px\" width=\"600\" height=\"5\" srcset=\"https:\/\/www.illaboratoriodiserenazampini.com\/wordpress\/wp-content\/uploads\/2014\/11\/hr-600-dot1px.gif 600w, https:\/\/www.illaboratoriodiserenazampini.com\/wordpress\/wp-content\/uploads\/2014\/11\/hr-600-dot1px-300x2.gif 300w\" sizes=\"auto, (max-width: 600px) 100vw, 600px\" \/><br \/>\n<!-- LINGUE --><\/p>\n<h3 style=\"text-align: left;\"><span style=\"color: #993366;\">RIPETIZIONI DI LINGUE STRANIERE (inglese, francese, tedesco)\u00a0e materie letterarie per medie e superiori<\/span><\/h3>\n<p><span style=\"color: #993366;\"><strong>TARIFFA<\/strong><\/span><br \/>\n<span style=\"color: #993366;\"><strong><span style=\"color: #333333;\">Un\u2019ora:<\/span> 20 \u20ac<\/strong><\/span><\/p>\n<p>&nbsp;<\/p>\n","protected":false},"excerpt":{"rendered":"<p>Attivit\u00e0 per adulti 2025 Le mie tre attivit\u00e0 per adulti, in gruppo, si svolgono sempre di luned\u00ec sera, due ore; o seminari durante il weekend di una giornata. Invece tutte le sessioni individuali o per coppia o per coppia genitori hanno la durata di un&#8217;ora: ricevo dal luned\u00ec al sabato. IL SENSO DEL RITMO E [&hellip;]<\/p>\n","protected":false},"author":1,"featured_media":0,"parent":0,"menu_order":9,"comment_status":"closed","ping_status":"closed","template":"","meta":{"footnotes":""},"class_list":["post-578","page","type-page","status-publish","hentry"],"_links":{"self":[{"href":"https:\/\/www.illaboratoriodiserenazampini.com\/wordpress\/index.php?rest_route=\/wp\/v2\/pages\/578","targetHints":{"allow":["GET"]}}],"collection":[{"href":"https:\/\/www.illaboratoriodiserenazampini.com\/wordpress\/index.php?rest_route=\/wp\/v2\/pages"}],"about":[{"href":"https:\/\/www.illaboratoriodiserenazampini.com\/wordpress\/index.php?rest_route=\/wp\/v2\/types\/page"}],"author":[{"embeddable":true,"href":"https:\/\/www.illaboratoriodiserenazampini.com\/wordpress\/index.php?rest_route=\/wp\/v2\/users\/1"}],"replies":[{"embeddable":true,"href":"https:\/\/www.illaboratoriodiserenazampini.com\/wordpress\/index.php?rest_route=%2Fwp%2Fv2%2Fcomments&post=578"}],"version-history":[{"count":271,"href":"https:\/\/www.illaboratoriodiserenazampini.com\/wordpress\/index.php?rest_route=\/wp\/v2\/pages\/578\/revisions"}],"predecessor-version":[{"id":3125,"href":"https:\/\/www.illaboratoriodiserenazampini.com\/wordpress\/index.php?rest_route=\/wp\/v2\/pages\/578\/revisions\/3125"}],"wp:attachment":[{"href":"https:\/\/www.illaboratoriodiserenazampini.com\/wordpress\/index.php?rest_route=%2Fwp%2Fv2%2Fmedia&parent=578"}],"curies":[{"name":"wp","href":"https:\/\/api.w.org\/{rel}","templated":true}]}}