{"id":529,"date":"2014-11-15T05:29:29","date_gmt":"2014-11-15T12:29:29","guid":{"rendered":"http:\/\/illaboratoriodiserenazampini.com\/wordpress\/?page_id=529"},"modified":"2025-04-29T10:51:49","modified_gmt":"2025-04-29T17:51:49","slug":"laboratorio-artistico","status":"publish","type":"page","link":"https:\/\/www.illaboratoriodiserenazampini.com\/wordpress\/?page_id=529","title":{"rendered":"Sentire l&#8217;Arte"},"content":{"rendered":"<p><img loading=\"lazy\" decoding=\"async\" class=\"alignnone size-full wp-image-851\" src=\"https:\/\/www.illaboratoriodiserenazampini.com\/wordpress\/wp-content\/uploads\/2015\/09\/LABORATORIOARTE-testata600.jpg\" alt=\"LABORATORIOARTE-testata600\" width=\"600\" height=\"220\" srcset=\"https:\/\/www.illaboratoriodiserenazampini.com\/wordpress\/wp-content\/uploads\/2015\/09\/LABORATORIOARTE-testata600.jpg 600w, https:\/\/www.illaboratoriodiserenazampini.com\/wordpress\/wp-content\/uploads\/2015\/09\/LABORATORIOARTE-testata600-300x110.jpg 300w\" sizes=\"auto, (max-width: 600px) 100vw, 600px\" \/><\/p>\n<p><strong>SENTIRE L&#8217;ARTE<\/strong><br \/>\nSentire l&#8217;Arte l&#8217;ho ideato dal momento che ho aperto il laboratorio, nel 2008. E non \u00e8 solo dipingere o disegnare: \u00e8 SENTIRE quello che fai, \u00e8 cogliere il momento, stare in quello che c&#8217;\u00e8, meditare, assaporare tutto, anche le piccole cose che ti accadono, con il colore, con il corpo.<\/p>\n<p>Al Laboratorio ti puoi esprimere con il colore, liberamente e al contempo vieni aiutato a sviluppare creativit\u00e0 e immaginazione. Tutto tramite la pittura, il disegno, il collage e in maniera non convenzionale, senza competizione n\u00e9 giudizio. Per prendere consapevolezza di te, ritrovarti onestamente sia individualmente che in gruppo.<\/p>\n<p>Fra i vari temi, quello del ritratto (o autoritratto) potr\u00e0 essere approfondito durante gli incontri.<\/p>\n<p>Dipingere, colorare, fare un collage in carta o tessuto ascoltando la musica, leggendo, interpretando o inventando storie, improvvisando su un tema scelto o seguendo il fluire delle emozioni, del corpo. Tutto nella massima libert\u00e0 espressiva.<\/p>\n<p>Potranno essere organizzati workshop e seminari nel weekend, con tematiche specifiche.<\/p>\n<p><strong>MATERIALI<\/strong><br \/>\nI supporti, i colori, i pennelli, sono forniti dal laboratorio.\u00a0Ogni elaborato \u00e8 di propriet\u00e0 dell\u2019autore.<\/p>\n<p><img loading=\"lazy\" decoding=\"async\" class=\"alignnone size-full wp-image-564\" src=\"https:\/\/www.illaboratoriodiserenazampini.com\/wordpress\/wp-content\/uploads\/2014\/11\/hr-600-dot1px.gif\" alt=\"hr-600-dot1px\" width=\"600\" height=\"5\" srcset=\"https:\/\/www.illaboratoriodiserenazampini.com\/wordpress\/wp-content\/uploads\/2014\/11\/hr-600-dot1px.gif 600w, https:\/\/www.illaboratoriodiserenazampini.com\/wordpress\/wp-content\/uploads\/2014\/11\/hr-600-dot1px-300x2.gif 300w\" sizes=\"auto, (max-width: 600px) 100vw, 600px\" \/><\/p>\n<p><a title=\"Orari e tariffe\" href=\"http:\/\/www.illaboratoriodiserenazampini.com\/wordpress\/?page_id=578\">Orari &amp; tariffe<\/a><\/p>\n","protected":false},"excerpt":{"rendered":"<p>SENTIRE L&#8217;ARTE Sentire l&#8217;Arte l&#8217;ho ideato dal momento che ho aperto il laboratorio, nel 2008. E non \u00e8 solo dipingere o disegnare: \u00e8 SENTIRE quello che fai, \u00e8 cogliere il momento, stare in quello che c&#8217;\u00e8, meditare, assaporare tutto, anche le piccole cose che ti accadono, con il colore, con il corpo. Al Laboratorio ti [&hellip;]<\/p>\n","protected":false},"author":1,"featured_media":0,"parent":0,"menu_order":3,"comment_status":"closed","ping_status":"closed","template":"","meta":{"footnotes":""},"class_list":["post-529","page","type-page","status-publish","hentry"],"_links":{"self":[{"href":"https:\/\/www.illaboratoriodiserenazampini.com\/wordpress\/index.php?rest_route=\/wp\/v2\/pages\/529","targetHints":{"allow":["GET"]}}],"collection":[{"href":"https:\/\/www.illaboratoriodiserenazampini.com\/wordpress\/index.php?rest_route=\/wp\/v2\/pages"}],"about":[{"href":"https:\/\/www.illaboratoriodiserenazampini.com\/wordpress\/index.php?rest_route=\/wp\/v2\/types\/page"}],"author":[{"embeddable":true,"href":"https:\/\/www.illaboratoriodiserenazampini.com\/wordpress\/index.php?rest_route=\/wp\/v2\/users\/1"}],"replies":[{"embeddable":true,"href":"https:\/\/www.illaboratoriodiserenazampini.com\/wordpress\/index.php?rest_route=%2Fwp%2Fv2%2Fcomments&post=529"}],"version-history":[{"count":40,"href":"https:\/\/www.illaboratoriodiserenazampini.com\/wordpress\/index.php?rest_route=\/wp\/v2\/pages\/529\/revisions"}],"predecessor-version":[{"id":3032,"href":"https:\/\/www.illaboratoriodiserenazampini.com\/wordpress\/index.php?rest_route=\/wp\/v2\/pages\/529\/revisions\/3032"}],"wp:attachment":[{"href":"https:\/\/www.illaboratoriodiserenazampini.com\/wordpress\/index.php?rest_route=%2Fwp%2Fv2%2Fmedia&parent=529"}],"curies":[{"name":"wp","href":"https:\/\/api.w.org\/{rel}","templated":true}]}}