{"id":2,"date":"2009-01-22T14:51:36","date_gmt":"2009-01-22T21:51:36","guid":{"rendered":"http:\/\/illaboratoriodiserenazampini.com\/wordpress\/?page_id=2"},"modified":"2025-05-09T07:31:28","modified_gmt":"2025-05-09T14:31:28","slug":"about","status":"publish","type":"page","link":"https:\/\/www.illaboratoriodiserenazampini.com\/wordpress\/?page_id=2","title":{"rendered":"Il Laboratorio"},"content":{"rendered":"<p><img loading=\"lazy\" decoding=\"async\" class=\"alignnone size-full wp-image-1310\" src=\"http:\/\/www.illaboratoriodiserenazampini.com\/wordpress\/wp-content\/uploads\/2009\/01\/LABORATORIO-testata-2016-e1480600504651.jpg\" alt=\"LABORATORIO-testata-2016\" width=\"600\" height=\"220\" \/><\/p>\n<p>Ti va di visitare il mio canale you tube?<\/p>\n<p><a href=\"https:\/\/www.youtube.com\/@SerenaGioiaZampini\" target=\"_blank\">https:\/\/www.youtube.com\/@SerenaGioiaZampini<\/a><\/p>\n<p>&nbsp;<\/p>\n<p><strong>IL LABORATORIO<\/strong> nasce nel 2008, con i percorsi artistici di\u00a0<strong><a href=\"http:\/\/www.illaboratoriodiserenazampini.com\/wordpress\/?page_id=529\">SENTIRE L&#8217;ARTE<\/a>\u00a0<\/strong> creativi, per <strong><a href=\"http:\/\/www.illaboratoriodiserenazampini.com\/wordpress\/?page_id=12\">bambini\/e<\/a><\/strong> e <strong><a href=\"http:\/\/www.illaboratoriodiserenazampini.com\/wordpress\/?page_id=2621\">adulti<\/a><\/strong>. Negli anni sono stati tanti i bambini e le bambine che ho visto crescere, cambiare\u2026 dai tre anni in su, alcuni son rimasti per anni, una volta a settimana, a partecipare ai laboratori. E d&#8217;estate! quanti tutte le mattine 4 ore con me, in gruppo, a costruire, inventare e con l&#8217;immaginazione, esprimersi. S\u00ec, liberamente, con condivisione e senza giudizio. Con gli adulti \u00e8 accaduta la medesima cosa\u2026 spesso in sessioni individuali. Continuano ad esistere i percorsi mensili o workshop. Questo \u00e8 il mio modo di lavorare, cercando di tirar fuori la forza e la creativit\u00e0 di ogni partecipante. Che \u00e8 gi\u00e0 l\u00ec, pronta ad uscire! E prende vita con <strong>Sentire l&#8217;Arte<\/strong>.<\/p>\n<p>Sono un&#8217;artista e disegno ritratti su commissione: se ti prenoti puoi averlo anche tu! Inoltre al Laboratorio sono esposti e in vendita, i miei quadri <a href=\"http:\/\/www.illaboratoriodiserenazampini.com\/ritrattificio\/\" target=\"_blank\">(Ritrattificio, facce a quattro mani)<\/a>.<\/p>\n<p>Con le <strong><a href=\"http:\/\/www.illaboratoriodiserenazampini.com\/wordpress\/?page_id=50\">LINGUE STRANIERE<\/a> <\/strong>(inglese, francese e tedesco)\u00a0i corsi hanno avuto e tutt&#8217;ora hanno luogo per gli adulti, principianti, e per i bambini e gli adolescenti anche in forma di <strong><a href=\"http:\/\/www.illaboratoriodiserenazampini.com\/wordpress\/?page_id=50\">RIPETIZIONI<\/a>,<\/strong> per fare i compiti.<\/p>\n<p>Fare RIPETIZIONI con me al Lab significa imparare ad amare quella o quelle materie, ad apprezzare la bellezza che ne arriva, appassionarsi e aver voglia di studiare. C&#8217;\u00e8 da impegnarsi, non da farsi fare i compiti da me! Ma&#8230; con gioia, con passione, per non restare troppo a lungo al Lab, ma per prendere il volo presto, e capire che&#8230; \u201cio sono in grado di studiare a casa, con le mie sole forze, perch\u00e9 posso farlo, lo so fare!\u201d.<\/p>\n<p>Il Laboratorio fa anche da <strong><a href=\"http:\/\/www.illaboratoriodiserenazampini.com\/wordpress\/?page_id=12\">BABY PARKING<\/a><\/strong>, su prenotazione.<\/p>\n<p>C&#8217;\u00e8 anche altro, al Laboratorio. Dal 2010 ho ideato un progetto per lavorare sulla consapevolezza corporea, <strong><a href=\"http:\/\/www.illaboratoriodiserenazampini.com\/wordpress\/?page_id=167\">IL SENSO DEL RITMO E IL GESTO TEATRALE, Labortango<\/a><\/strong>.\u00a0Non \u00e8 tecnica di tango, non si impara a ballare il tango argentino, anche se \u00e8 stata la mia passione per anni. E&#8217; un percorso che vuole arrivare alla creazione di una performance, ogni mese diversa! con voi partecipanti. L&#8217;espressione di ogni persona mi interessa, che esca il gesto di ognuno, che si dica, si racconti col corpo. Ovviamente c&#8217;\u00e8 un riscaldamento corporeo, rilassamento e anche meditazioni, talvolta. E&#8217; molto importante che si possa, in gruppo, non solo essere e ritrovare s\u00e9 stessi, ma anche comunicare con l&#8217;altro, creare insieme. E&#8217; finalizzato tutto questo al benessere personale.<\/p>\n<p>Sono operatrice trainer di <strong><a href=\"http:\/\/www.illaboratoriodiserenazampini.com\/wordpress\/?page_id=524\">TangoOlistico\u00ae (tango terapia metodo Habib)<\/a><\/strong>\u00a0da aprile 2014. E&#8217; un percorso di crescita personale ideato da Massimo Habib, si balla in coppia; questa danza non si basa sul genere sessuale, non importa saper ballare, n\u00e9 iscriversi in due. Quindi tutti possono partecipare, c&#8217;\u00e8 continuamente lo scambio dei ruoli, maschile e femminile, con le due nostre parti, attiva e ricettiva. Protagonista \u00e8 l&#8217;abbraccio alto del tango, il respiro, il nostro scambio energetico. E&#8217; davvero portentoso, \u00e8 un lavoro onesto su di s\u00e9, vero, per relazionarsi meglio con s\u00e9 stessi e di conseguenza anche con gli altri.<\/p>\n<p>Per entrambe le danze conduco sessioni serali e seminari per gruppi, e sessioni individuali o per coppie o per genitori.<\/p>\n<p><em>\u201cIl nostro corpo non mente mai, \u00e8 bellissimo, sempre. Ci dice dove andare, ci porta e ci sostiene, \u00e8 la nostra casa. \u00c8 sicuro e sceglie sempre la direzione pi\u00f9 giusta per ognuno di noi. Impara ad amarlo, ad essergli grata\/o e ad ascoltarlo! Qui potrai sperimentare direttamente tutto questo.\u00a0Come? Tramite la musica, le danze, la respirazione che ti propongo, stando con te stessa\/o davvero, imparando a conoscerti, seriamente ma con ironia e gioco.\u00a0Per saperne di pi\u00f9 fissa un appuntamento qui al Laboratorio: ti aspetto!\u201d\u00a0<\/em><br \/>\nSerenaGioia Zampini<\/p>\n<p>Queste attivit\u00e0 sono finalizzate al benessere personale.<\/p>\n<p>Ricorda che per partecipare a tutte le attivit\u00e0 del Laboratorio \u00e8 necessario il tesseramento AICS al costo di\u00a0<strong style=\"font-weight: bold;\"><span style=\"color: #800000;\">15 \u20ac<\/span><\/strong> a persona (validit\u00e0 un anno dal momento dell&#8217;affiliazione).<\/p>\n<p><img loading=\"lazy\" decoding=\"async\" class=\"alignnone size-full wp-image-564\" src=\"https:\/\/www.illaboratoriodiserenazampini.com\/wordpress\/wp-content\/uploads\/2014\/11\/hr-600-dot1px.gif\" alt=\"hr-600-dot1px\" width=\"600\" height=\"5\" srcset=\"https:\/\/www.illaboratoriodiserenazampini.com\/wordpress\/wp-content\/uploads\/2014\/11\/hr-600-dot1px.gif 600w, https:\/\/www.illaboratoriodiserenazampini.com\/wordpress\/wp-content\/uploads\/2014\/11\/hr-600-dot1px-300x2.gif 300w\" sizes=\"auto, (max-width: 600px) 100vw, 600px\" \/><\/p>\n<p><a title=\"Orari e tariffe\" href=\"http:\/\/www.illaboratoriodiserenazampini.com\/wordpress\/?page_id=578\">Orari &amp; tariffe<\/a><\/p>\n","protected":false},"excerpt":{"rendered":"<p>Ti va di visitare il mio canale you tube? https:\/\/www.youtube.com\/@SerenaGioiaZampini &nbsp; IL LABORATORIO nasce nel 2008, con i percorsi artistici di\u00a0SENTIRE L&#8217;ARTE\u00a0 creativi, per bambini\/e e adulti. Negli anni sono stati tanti i bambini e le bambine che ho visto crescere, cambiare\u2026 dai tre anni in su, alcuni son rimasti per anni, una volta a [&hellip;]<\/p>\n","protected":false},"author":1,"featured_media":0,"parent":0,"menu_order":1,"comment_status":"closed","ping_status":"closed","template":"","meta":{"footnotes":""},"class_list":["post-2","page","type-page","status-publish","hentry"],"_links":{"self":[{"href":"https:\/\/www.illaboratoriodiserenazampini.com\/wordpress\/index.php?rest_route=\/wp\/v2\/pages\/2","targetHints":{"allow":["GET"]}}],"collection":[{"href":"https:\/\/www.illaboratoriodiserenazampini.com\/wordpress\/index.php?rest_route=\/wp\/v2\/pages"}],"about":[{"href":"https:\/\/www.illaboratoriodiserenazampini.com\/wordpress\/index.php?rest_route=\/wp\/v2\/types\/page"}],"author":[{"embeddable":true,"href":"https:\/\/www.illaboratoriodiserenazampini.com\/wordpress\/index.php?rest_route=\/wp\/v2\/users\/1"}],"replies":[{"embeddable":true,"href":"https:\/\/www.illaboratoriodiserenazampini.com\/wordpress\/index.php?rest_route=%2Fwp%2Fv2%2Fcomments&post=2"}],"version-history":[{"count":71,"href":"https:\/\/www.illaboratoriodiserenazampini.com\/wordpress\/index.php?rest_route=\/wp\/v2\/pages\/2\/revisions"}],"predecessor-version":[{"id":3058,"href":"https:\/\/www.illaboratoriodiserenazampini.com\/wordpress\/index.php?rest_route=\/wp\/v2\/pages\/2\/revisions\/3058"}],"wp:attachment":[{"href":"https:\/\/www.illaboratoriodiserenazampini.com\/wordpress\/index.php?rest_route=%2Fwp%2Fv2%2Fmedia&parent=2"}],"curies":[{"name":"wp","href":"https:\/\/api.w.org\/{rel}","templated":true}]}}