{"id":167,"date":"2011-02-05T04:24:19","date_gmt":"2011-02-05T11:24:19","guid":{"rendered":"http:\/\/illaboratoriodiserenazampini.com\/wordpress\/?page_id=167"},"modified":"2025-04-29T10:53:56","modified_gmt":"2025-04-29T17:53:56","slug":"serena","status":"publish","type":"page","link":"https:\/\/www.illaboratoriodiserenazampini.com\/wordpress\/?page_id=167","title":{"rendered":"Labortango"},"content":{"rendered":"<p><img loading=\"lazy\" decoding=\"async\" class=\"alignnone size-full wp-image-2273\" src=\"http:\/\/www.illaboratoriodiserenazampini.com\/wordpress\/wp-content\/uploads\/2011\/02\/LABORTANGO-testata-19-600.jpg\" alt=\"LABORTANGO 2019\" width=\"600\" height=\"260\" srcset=\"https:\/\/www.illaboratoriodiserenazampini.com\/wordpress\/wp-content\/uploads\/2011\/02\/LABORTANGO-testata-19-600.jpg 600w, https:\/\/www.illaboratoriodiserenazampini.com\/wordpress\/wp-content\/uploads\/2011\/02\/LABORTANGO-testata-19-600-300x130.jpg 300w\" sizes=\"auto, (max-width: 600px) 100vw, 600px\" \/><\/p>\n<p><strong>IL SENSO DEL RITMO E IL GESTO TEATRALE &#8211; Labortango<\/strong><\/p>\n<p>\u00c8 un progetto che ho ideato nel 2010 come percorso di consapevolezza corporea. Si basa sulla postura e sull\u2019approccio del tango argentino ma ci esprimiamo danzando in gruppo. Lavorare sulla postura, su come si sta, innanzi tutto \u00e8 FONDAMENTALE. Poi si diventa, ci si muove, si agisce ecc. Mi interessa l\u2019espressione di ogni partecipante, che esca il gesto di ognuno, che si dica, si racconti col corpo. Ovviamente c\u2019\u00e8 un riscaldamento corporeo, rilassamento e meditazione. \u00c8 molto importante che si possa, in gruppo, non solo essere e ritrovare s\u00e9 stessi, ma anche comunicare con l\u2019altro, creare insieme. Con questo corso voglio guidarvi all\u2019ascolto del vostro ritmo ma anche lasciarvi piena libert\u00e0 di improvvisare. Si lavora sulla consapevolezza del corpo, tramite il movimento individuale e collettivo per approdare a unione, collaborazione, condivisione in assenza di giudizio e competizione. Per potersi sentire, o risentire, vivere meglio con s\u00e9 stessi e con gli altri.<\/p>\n<p><strong>A CHI SI RIVOLGE E PERCH\u00c9:<\/strong><br \/>\nIl senso del ritmo e il gesto teatrale-Labortango si rivolge a te che vuoi lasciar andare, che desideri entrare in contatto vero con te stesso, per mollare, per ESSERE, non lavorare di mente. \u00c8 parlare con il corpo, \u00e8 raccontare con la danza, \u00e8 improvvisare, anche! Il tuo corpo parla, \u00e8 libero: permettigli di muoversi e raccontarsi davvero! Il fine \u00e8 sempre voler stare meglio. Il piacere non \u00e8 male, non va allontanato. Come anche il tuo buio o le tue paure. Stai in quello che c&#8217;\u00e8, e vedi cosa accade.<\/p>\n<p>Se vuoi:<br \/>\n* respirare a fondo con tutto il corpo (magari perch\u00e9 ti risulta difficile)<br \/>\n* provare la meditazione anche se non l\u2019hai mai fatta<br \/>\n* porre l\u2019attenzione alla tua postura tecnicamente ma al contempo morbidamente<br \/>\n* muovere il tuo corpo con musiche sempre nuove diverse<br \/>\n* percepire il corpo tuo e quello degli altri<br \/>\n* non forzare, ma osare con le tue possibilit\u00e0<br \/>\n* \u201crecitare\u201d con il corpo di fronte ad un pubblico senza la pretesa della perfezione!<br \/>\n* giocare seriamente ma non seriosamente<br \/>\n* soprattutto portare te stesso, cos\u00ec come sei!<\/p>\n<p>allora fa per te, questa danza performante!<\/p>\n<p>ma se non vuoi:<br \/>\n* provare a lasciarti andare<br \/>\n* permetterti di trasformare<br \/>\n* danzare su un\u2019idea o un\u2019immagine<br \/>\n* chiudere gli occhi<br \/>\n* osservare<br \/>\n* giocare<\/p>\n<p>allora non fa per te.<\/p>\n<p>Ogni mese propongo un tema diverso, ci lavoriamo in sessioni serali, fino a realizzare una performance insieme che metteremo in scena. Il momento della performance \u00e8 sempre catartico, importantissimo perch\u00e9 permette a noi di metterci in gioco ma anche di relazionarci con gli spettatori.<\/p>\n<p>Sono anche previsti Workshop e seminari di uno o due giorni durante il periodo del corso. Per partecipare non serve saper ballare. \u00c8 importante vestirsi comodi e si danza senza scarpe.<\/p>\n<p><strong>Bisogna vestirsi comodi, si danza senza scarpe e portarsi due paia di calzini.<\/strong><\/p>\n<p>Le sessioni che conduco sono sia di gruppo che individuali, serali o in forma di seminario di una giornata.<\/p>\n<p><img loading=\"lazy\" decoding=\"async\" class=\"alignnone size-full wp-image-564\" src=\"http:\/\/www.illaboratoriodiserenazampini.com\/wordpress\/wp-content\/uploads\/2014\/11\/hr-600-dot1px.gif\" alt=\"hr-600-dot1px\" width=\"600\" height=\"5\" srcset=\"https:\/\/www.illaboratoriodiserenazampini.com\/wordpress\/wp-content\/uploads\/2014\/11\/hr-600-dot1px.gif 600w, https:\/\/www.illaboratoriodiserenazampini.com\/wordpress\/wp-content\/uploads\/2014\/11\/hr-600-dot1px-300x2.gif 300w\" sizes=\"auto, (max-width: 600px) 100vw, 600px\" \/><\/p>\n<p><a title=\"Orari e tariffe\" href=\"http:\/\/www.illaboratoriodiserenazampini.com\/wordpress\/?page_id=578\">Orari &amp; tariffe<\/a><\/p>\n","protected":false},"excerpt":{"rendered":"<p>IL SENSO DEL RITMO E IL GESTO TEATRALE &#8211; Labortango \u00c8 un progetto che ho ideato nel 2010 come percorso di consapevolezza corporea. Si basa sulla postura e sull\u2019approccio del tango argentino ma ci esprimiamo danzando in gruppo. Lavorare sulla postura, su come si sta, innanzi tutto \u00e8 FONDAMENTALE. Poi si diventa, ci si muove, [&hellip;]<\/p>\n","protected":false},"author":1,"featured_media":0,"parent":0,"menu_order":5,"comment_status":"closed","ping_status":"closed","template":"","meta":{"footnotes":""},"class_list":["post-167","page","type-page","status-publish","hentry"],"_links":{"self":[{"href":"https:\/\/www.illaboratoriodiserenazampini.com\/wordpress\/index.php?rest_route=\/wp\/v2\/pages\/167","targetHints":{"allow":["GET"]}}],"collection":[{"href":"https:\/\/www.illaboratoriodiserenazampini.com\/wordpress\/index.php?rest_route=\/wp\/v2\/pages"}],"about":[{"href":"https:\/\/www.illaboratoriodiserenazampini.com\/wordpress\/index.php?rest_route=\/wp\/v2\/types\/page"}],"author":[{"embeddable":true,"href":"https:\/\/www.illaboratoriodiserenazampini.com\/wordpress\/index.php?rest_route=\/wp\/v2\/users\/1"}],"replies":[{"embeddable":true,"href":"https:\/\/www.illaboratoriodiserenazampini.com\/wordpress\/index.php?rest_route=%2Fwp%2Fv2%2Fcomments&post=167"}],"version-history":[{"count":72,"href":"https:\/\/www.illaboratoriodiserenazampini.com\/wordpress\/index.php?rest_route=\/wp\/v2\/pages\/167\/revisions"}],"predecessor-version":[{"id":3034,"href":"https:\/\/www.illaboratoriodiserenazampini.com\/wordpress\/index.php?rest_route=\/wp\/v2\/pages\/167\/revisions\/3034"}],"wp:attachment":[{"href":"https:\/\/www.illaboratoriodiserenazampini.com\/wordpress\/index.php?rest_route=%2Fwp%2Fv2%2Fmedia&parent=167"}],"curies":[{"name":"wp","href":"https:\/\/api.w.org\/{rel}","templated":true}]}}